{"id":68,"date":"2020-09-10T22:36:25","date_gmt":"2020-09-10T20:36:25","guid":{"rendered":"http:\/\/afourglapouleestdanslepre.fr\/?page_id=68"},"modified":"2021-03-26T21:48:59","modified_gmt":"2021-03-26T20:48:59","slug":"comment-acheter-nos-oeufs","status":"publish","type":"page","link":"https:\/\/afourglapouleestdanslepre.fr\/index.php\/comment-acheter-nos-oeufs\/","title":{"rendered":"Comment acheter nos \u0153ufs ?"},"content":{"rendered":"\n<figure class=\"wp-block-image\"><img loading=\"lazy\" decoding=\"async\" width=\"1024\" height=\"768\" src=\"http:\/\/afourglapouleestdanslepre.fr\/wp-content\/uploads\/2020\/09\/belles-poules-pondeuses-1024x768.jpg\" alt=\"\" class=\"wp-image-69\" srcset=\"https:\/\/afourglapouleestdanslepre.fr\/wp-content\/uploads\/2020\/09\/belles-poules-pondeuses-1024x768.jpg 1024w, https:\/\/afourglapouleestdanslepre.fr\/wp-content\/uploads\/2020\/09\/belles-poules-pondeuses-300x225.jpg 300w, https:\/\/afourglapouleestdanslepre.fr\/wp-content\/uploads\/2020\/09\/belles-poules-pondeuses-768x576.jpg 768w, https:\/\/afourglapouleestdanslepre.fr\/wp-content\/uploads\/2020\/09\/belles-poules-pondeuses-80x60.jpg 80w\" sizes=\"auto, (max-width: 1024px) 100vw, 1024px\" \/><\/figure>\n\n\n\n<h2 class=\"wp-block-heading\">Au magasin \u00e0 la ferme <\/h2>\n\n\n\n<p>Nous sommes ouverts tous les vendredis de 17h \u00e0 19h.<\/p>\n\n\n\n<p>Vous pourrez acheter nos oeufs ainsi que diff\u00e9rents produits locaux tr\u00e8s appr\u00e9ci\u00e9s : la farine du moulin de Liesle, du miel, des terrines, des champignons, des confitures&#8230;<\/p>\n\n\n\n<h2 class=\"wp-block-heading\">En livraison \u00e0 domicile<\/h2>\n\n\n\n<p>Nous livrons \u00e0 domicile dans un rayon de 15km autour de Fourg. Pour b\u00e9n\u00e9ficier de ce service, rien de plus simple, il vous suffit de nous appeler pour passer votre commande. G\u00e9n\u00e9ralement nous organisons une tourn\u00e9e par semaine.<\/p>\n\n\n\n<figure class=\"wp-block-image\"><img loading=\"lazy\" decoding=\"async\" width=\"772\" height=\"500\" src=\"http:\/\/afourglapouleestdanslepre.fr\/wp-content\/uploads\/2020\/09\/Plan-fourg.png\" alt=\"\" class=\"wp-image-78\" srcset=\"https:\/\/afourglapouleestdanslepre.fr\/wp-content\/uploads\/2020\/09\/Plan-fourg.png 772w, https:\/\/afourglapouleestdanslepre.fr\/wp-content\/uploads\/2020\/09\/Plan-fourg-300x194.png 300w, https:\/\/afourglapouleestdanslepre.fr\/wp-content\/uploads\/2020\/09\/Plan-fourg-768x497.png 768w, https:\/\/afourglapouleestdanslepre.fr\/wp-content\/uploads\/2020\/09\/Plan-fourg-93x60.png 93w\" sizes=\"auto, (max-width: 772px) 100vw, 772px\" \/><\/figure>\n\n\n\n<p><\/p>\n","protected":false},"excerpt":{"rendered":"<p>Au magasin \u00e0 la ferme Nous sommes ouverts tous les vendredis de 17h \u00e0 19h. Vous pourrez acheter nos oeufs ainsi que diff\u00e9rents produits locaux tr\u00e8s appr\u00e9ci\u00e9s : la farine du moulin de Liesle, du miel, des terrines, des champignons, des confitures&#8230; En livraison \u00e0 domicile Nous livrons \u00e0 domicile dans un rayon de 15km &hellip; <\/p>\n","protected":false},"author":1,"featured_media":0,"parent":0,"menu_order":0,"comment_status":"closed","ping_status":"closed","template":"","meta":{"footnotes":""},"class_list":["post-68","page","type-page","status-publish","hentry"],"_links":{"self":[{"href":"https:\/\/afourglapouleestdanslepre.fr\/index.php\/wp-json\/wp\/v2\/pages\/68","targetHints":{"allow":["GET"]}}],"collection":[{"href":"https:\/\/afourglapouleestdanslepre.fr\/index.php\/wp-json\/wp\/v2\/pages"}],"about":[{"href":"https:\/\/afourglapouleestdanslepre.fr\/index.php\/wp-json\/wp\/v2\/types\/page"}],"author":[{"embeddable":true,"href":"https:\/\/afourglapouleestdanslepre.fr\/index.php\/wp-json\/wp\/v2\/users\/1"}],"replies":[{"embeddable":true,"href":"https:\/\/afourglapouleestdanslepre.fr\/index.php\/wp-json\/wp\/v2\/comments?post=68"}],"version-history":[{"count":5,"href":"https:\/\/afourglapouleestdanslepre.fr\/index.php\/wp-json\/wp\/v2\/pages\/68\/revisions"}],"predecessor-version":[{"id":164,"href":"https:\/\/afourglapouleestdanslepre.fr\/index.php\/wp-json\/wp\/v2\/pages\/68\/revisions\/164"}],"wp:attachment":[{"href":"https:\/\/afourglapouleestdanslepre.fr\/index.php\/wp-json\/wp\/v2\/media?parent=68"}],"curies":[{"name":"wp","href":"https:\/\/api.w.org\/{rel}","templated":true}]}}